{"id":355,"date":"2020-05-02T12:07:04","date_gmt":"2020-05-02T12:07:04","guid":{"rendered":"http:\/\/www.istramar.hr\/?page_id=355"},"modified":"2023-03-26T15:25:05","modified_gmt":"2023-03-26T15:25:05","slug":"privatnost","status":"publish","type":"page","link":"https:\/\/www.istramar.hr\/en\/privatnost\/","title":{"rendered":"Privacy Policy"},"content":{"rendered":"<h1 style=\"text-align: center;\"><strong>Privacy Policy<br \/>\n<\/strong><\/h1>\n<p>We would like to inform you about how we handle your personal data when visiting or using our website. The legal basis for the processing of your personal data stems from the fact that such processing is necessary in order of the website to be displayed properly as well as information \/ communication about the services we provide.<\/p>\n<p><strong>PROCESSING MANAGER<br \/>\n<\/strong>This website (hereinafter \"the Website\") is authorized, maintained, managed and processed by Istra Mar j.d.o.o., Loborika 21, Loborika, 52206 Mar\u010dana (hereinafter \"IstraMar\").<\/p>\n<p>Contact informations:<br \/>\nIstra Mar j.d.o.o.<br \/>\nLoborika 21<br \/>\nLoborika, 52206 Mar\u010dana<br \/>\nPIN: 18259872237<br \/>\nemail: <a href=\"mailto:servis@istramar.hr\">servis@istramar.hr<\/a><br \/>\ntel.: <a href=\"tel: 38598637445\">+385 98 637 445<\/a><\/p>\n<p><strong>USING OF THE WEBSITE<br \/>\n<\/strong>When you visit the Website, your Internet browser will transfer the data to our web server. In order to provide you with information, the transfer of data is done for technical reasons. In order to give you access to the Website, the following information is collected and used during your visit to the Website:<\/p>\n<ul>\n<li>IP address<\/li>\n<li>Date and time of access<\/li>\n<li>Content of the request<\/li>\n<li>HTTP status code<\/li>\n<li>Amount of transferred data<\/li>\n<li>Website that requires access<\/li>\n<li>Type and version of your internet browser and operating system, language settings<\/li>\n<\/ul>\n<p>The above data is monitored and stored for a certain period of time in order to protect ourselves and to be able to start monitoring personal data in case of an illegally or unauthorized access to our Internet servers.<\/p>\n<p><strong>WHAT ARE COOKIES<br \/>\n<\/strong>This Web site uses Cookies. Cookies are small textual files stored in your device browser memory.  Cookies store certain information such as language settings, page settings, web cache that your browser can pass back to us the next time you visit the page.<br \/>\nFor the functional operation of our Website, we use the following cookies:<\/p>\n<table width=\"659\">\n<tbody>\n<tr>\n<td width=\"206\"><strong>Cookies<\/strong><\/td>\n<td width=\"141\"><strong>Lifespan<\/strong><\/td>\n<td width=\"312\"><strong>Description<\/strong><\/td>\n<\/tr>\n<tr>\n<td width=\"206\">DYNSRV<\/td>\n<td width=\"141\">Time of visiting this Web site<\/td>\n<td width=\"312\">Load balancing with the aim of proper operation and behavior of the Website<\/td>\n<\/tr>\n<tr>\n<td width=\"206\">moove_gdpr_popup<\/td>\n<td width=\"141\">12 months<\/td>\n<td width=\"312\">Storing the user's consent.<\/td>\n<\/tr>\n<tr>\n<td width=\"206\">YouTube<\/td>\n<td width=\"141\">1 day - 8 months<\/td>\n<td width=\"312\">We show a YouTube video on the Website. When visiting our Web page YouTube may store Cookies on your device.<br \/>\nCookies provider: YouTube<\/td>\n<\/tr>\n<tr>\n<td width=\"206\">Google Analytics<\/td>\n<td width=\"141\">12 months<\/td>\n<td width=\"312\">Analyze a visit to a website by assigning a unique, randomly generated ID to your device with which your device identifies itself the next time you visit the page.<br \/>\nCookies provider: Google Inc.<\/td>\n<\/tr>\n<\/tbody>\n<\/table>\n<p>In your browser settings, you can disable cookies or specify which cookies you want to accept and which to reject (if your browser allows selective cookie settings). The location of settings editing depends on the type of browser you are using. There is a possibility that impairs the functionality of a Web site if you choose not to accept Cookies and you wont be able to use certain functions of the Website.<\/p>\n<p><strong>COLLECTION AND PROCESSING OF PERSONAL DATA<br \/>\n<\/strong>We collect following personal information:<\/p>\n<ul>\n<li>Name and surname<\/li>\n<li>Address<\/li>\n<li>City and postal code<\/li>\n<li>Phone or cell phone number<\/li>\n<li>E-mail address<\/li>\n<li>PIN<\/li>\n<\/ul>\n<p>We collect personal data only if you have decided to provide it to us and gave your consent. By providing personal data, you consent that  processing manager can store, process and use your personal data for the following purposes:<\/p>\n<ul>\n<li>Authentication<\/li>\n<li>Purchase realization<\/li>\n<li>Delivery<\/li>\n<li>Communication with us<\/li>\n<li>Sale of goods or services<\/li>\n<li>Repair of goods or provision of service activities<\/li>\n<li>Reclamation<\/li>\n<li>Customer support<\/li>\n<li>Complaint<\/li>\n<li>Purchase, repair or reclamation history<\/li>\n<li>Providing the requested services<\/li>\n<li>Notice on issues related to the products or services<\/li>\n<\/ul>\n<p>The processing manager keeps the confidentiality of your personal data and provides access to your personal data to its employees or business partners which have needs of implementation of their business activities ( eg. delivery services, authorized repair services, etc. ). Your personal data may be provided to other third parties on the legal basis or by order of the legislature.<br \/>\nPersonal data that we collect are stored while the purpose of processing is being achieved unless the law prescribes longer safeguarding.<br \/>\nYour personal data will be handled in accordance with the relevant regulations including technical and security measures to protect personal data from unauthorized access, misuse, loss or destruction.<\/p>\n<p><strong>CONTACT FORM<br \/>\n<\/strong>Via contact form on Web site, we collect personal information such as name, surname, address with number, city and postal code, phone number, e-mail, and you message with subject.<br \/>\nWhen filling out the contact form you agree with the processing of your personal information by selecting mandatory field \"I have read the Privacy Policy and give consent to use personal information to resolve this query.\"<br \/>\nWe collect and process your personal data provided via the contact form exclusively for the execution of your specific request.<\/p>\n<p><strong>USER RIGHTS (RESPONDENT)<br \/>\n<\/strong>In accordance with the changing regulations on personal data protection, your rights are as follows:<\/p>\n<ul>\n<li>The right to information about your personal data that we have stored<\/li>\n<li>The right to correct, delete or limit the processing of your personal data<\/li>\n<li>The right to transfer data<\/li>\n<li>The right to file an appeal to institution that is responsible for data protection<\/li>\n<li>The right to revoke your consent regarding to the collection, processing and use of personal data at any time<\/li>\n<\/ul>\n<p>Revocation of consent does not affect the legitimacy which is based on the consent given before the same is revoked.<br \/>\nThe respondent can submit its stated rights to the processing manager by writing to the mentioned address above.<\/p>\n<p><strong>UPDATING THE PRIVACY POLICY<br \/>\n<\/strong>Any changes to this Privacy Policy will be posted on this page. Istra Mar reserves the right to change, modify, add or remove parts of this Privacy Policy at any time without prior notice. Any changes, amendments or additions take effect at the time of publication. It is your responsibility to periodically review this Privacy Policy for changes.<\/p>\n<p>This Privacy Policy was last modified on May 02, 2020<\/p>","protected":false},"excerpt":{"rendered":"<p>Izjava o privatnosti Ovim putem \u017eelimo Vas obavijestiti o na\u010dinu na koji postupamo s Va\u0161im osobnim podacima prilikom posjeta, odnosno kori\u0161tenja na\u0161e Web stranice. Pravna osnova za obradu Va\u0161ih osobnih podataka proizlazi iz \u010dinjenice da je takva obrada potrebna kako bi Vam bile dostupne funkcionalnosti Web stranice kao i informacije\/komunikacija o uslugama koje pru\u017eamo. VODITELJ [&hellip;]<\/p>","protected":false},"author":1,"featured_media":0,"parent":0,"menu_order":0,"comment_status":"closed","ping_status":"closed","template":"","meta":[],"aioseo_notices":[],"_links":{"self":[{"href":"https:\/\/www.istramar.hr\/en\/wp-json\/wp\/v2\/pages\/355"}],"collection":[{"href":"https:\/\/www.istramar.hr\/en\/wp-json\/wp\/v2\/pages"}],"about":[{"href":"https:\/\/www.istramar.hr\/en\/wp-json\/wp\/v2\/types\/page"}],"author":[{"embeddable":true,"href":"https:\/\/www.istramar.hr\/en\/wp-json\/wp\/v2\/users\/1"}],"replies":[{"embeddable":true,"href":"https:\/\/www.istramar.hr\/en\/wp-json\/wp\/v2\/comments?post=355"}],"version-history":[{"count":9,"href":"https:\/\/www.istramar.hr\/en\/wp-json\/wp\/v2\/pages\/355\/revisions"}],"predecessor-version":[{"id":397,"href":"https:\/\/www.istramar.hr\/en\/wp-json\/wp\/v2\/pages\/355\/revisions\/397"}],"wp:attachment":[{"href":"https:\/\/www.istramar.hr\/en\/wp-json\/wp\/v2\/media?parent=355"}],"curies":[{"name":"wp","href":"https:\/\/api.w.org\/{rel}","templated":true}]}}